{"id":15130,"date":"2021-07-29T23:09:27","date_gmt":"2021-07-29T21:09:27","guid":{"rendered":"https:\/\/fk-do.de\/wp\/?page_id=15130"},"modified":"2021-07-29T23:10:10","modified_gmt":"2021-07-29T21:10:10","slug":"joerg-ilja-haussmann","status":"publish","type":"page","link":"https:\/\/fk-do.de\/wp\/verein\/mitglieder\/joerg-ilja-haussmann\/","title":{"rendered":"J\u00f6rg-Ilja Hau\u00dfmann"},"content":{"rendered":"<div class=\"my_member\"><ul class=\"my_member-ul\"><li><div class=\"bc_avatar\"><a href=\"https:\/\/fk-do.de\/wp\/verein\/members\/joussmann\/\"><img decoding=\"async\" loading=\"lazy\" src=\"https:\/\/fk-do.de\/wp\/wp-content\/uploads\/avatars\/67\/1683965723-bpfull.jpg\" class=\"avatar user-67-avatar avatar-50 photo\" width=\"50\" height=\"50\" alt=\"Profilbild\" \/><\/a><\/div><div class=\"user-infos\"><h4><a href=\"https:\/\/fk-do.de\/wp\/verein\/members\/joussmann\/\">J\u00f6rg-Ilja Hau\u00dfmann<\/a><\/h4><p><span class=\"xprofile_thead\">Funktion:<\/span><span class=\"xprofile_content\">Kassierer\/in<\/span><\/p><p><span class=\"xprofile_thead\">Auftragsfotografie:<\/span><span class=\"xprofile_content\">Nein<\/span><\/p><p><span class=\"xprofile_thead\">Schwerpunkt(e):<\/span><span class=\"xprofile_content\">Experimentell, Landschaft, Langzeitbelichtung, Makro, Natur, Panorama, Pflanzen, Tiere<\/span><\/p><p><span class=\"xprofile_thead\">Wohnort:<\/span><span class=\"xprofile_content\">Dortmund<\/span><\/p><p><span class=\"xprofile_thead\">500px:<\/span><span class=\"xprofile_content\"><a href=\"https:\/\/www.500px.com\/joerg-ilja\" rel=\"nofollow\" target=\"_blank\">https:\/\/www.500px.com\/joerg-ilja<\/a><\/span><\/p><p><span class=\"xprofile_thead\">\u00dcber mich:<\/span><span class=\"xprofile_content\">Meine ersten, bewussten fotografischen Gehversuche habe ich mit ~15 Jahren gemacht, als ich die abgelegte Praktika meines Vaters mit ins Schullandheim nehmen durfte. Mit dieser Kamera war ich sp\u00e4ter noch in Foto AGs (Schule und Ausbildungsst\u00e4tte) unterwegs. Damals habe ich auch Bilder in den s\/w Laboren selbst entwickelt und Abz\u00fcge gemacht.\r\n\r\nEnde der Achtziger war ich nicht mehr wirklich aktiv, da waren andere Dinge interessanter.\r\nNach der Jahrtausendwende, war es wiederum mein Vater, der das Thema auf den Plan rief. Er hatte sich eine Olympus E10 zugelegt und ich &#8220;durfte&#8221; dann die Bilder f\u00fcr ihn machen und bearbeiten. \u00dcber dies gingen meine Aktivit\u00e4ten aber nicht wirklich hinaus, da die M\u00f6glichkeit der Kamera mit ihrem festen Objektiv doch sehr begrenzt waren.\r\n\r\n\r\nIch war aber vom der \u201edigitalen Fotografie\u201c angefixt, wollte mehr machen und habe mich dann intensiver mit DSLR Technik besch\u00e4ftigt. 2005 wurde ich stolzer Besitzer einer neuen Olympus E-1 und eines 14-54 Objektivs.\r\nDer Marke und dem 4\/3 Standard bin ich bis heute treu geblieben. Meine Ausr\u00fcstung konnte immer mehr als ich brauchte\/einsetzte, daher habe ich die Entscheidung nie bereut.\r\nAktuell nutze ich eine OM-1 Mark I und eine Vielzahl an FT und mFT Pro und Top Pro Objektiven.\r\n\r\nIch habe mich nie auf einen Bereich der Fotografie festgelegt und mich immer f\u00fcr neue Techniken, Methoden und interessante Motive begeistert. Wenn ich aber glaubte, es begriffen zu haben und erste vorzeigbare Resultate erzielt hatte, verlor es den Reiz und ich das Interesse.\r\n\r\nMeine derzeitigen Schwerpunkte sind die Nah- und Makrofotografie, sowie Landschaftsaufnahmen. Die Motive daf\u00fcr sind unkompliziert und mit geringem Aufwand verf\u00fcgbar und lassen sich gut mit Wanderungen und Spazierg\u00e4ngen verbinden.\r\n\r\nIn der Zukunft m\u00f6chte ich mich noch mit Themen, wie Astrofotografie und Raubv\u00f6gel im Flug, um zwei zu nennen, besch\u00e4ftigen, diese liegen aber auf Grund von chronischem Zeitmangel und fehlender Gelegenheiten auf Eis.\r\n\r\nZur Nachbearbeitung nutze ich \u201eAffinity Photo\u201c, wobei es mein Ziel ist, ein Motiv so abzulichten, dass es OOC zu verwenden ist. Hier habe ich in den letzten Jahre die gr\u00f6\u00dften Fortschritte gemacht, aber die Bilder durchlaufen derzeit noch einen Standard-Workflow, werden oft beschnitten und erfahren minimale Anpassungen, bekommen praktisch eine pers\u00f6nliche Note.\r\n&nbsp;\r\nFast 15 lang Jahre war ich mit einer Fototruppe namens \u201eBlitzflut\u201c unterwegs und habe dort viele Projekte und sch\u00f6ne Aktionen mitgetragen, bis die Gruppe mangels Zeit, Interesse, wegen famili\u00e4rer Einbindung und berufsbedingter Ortswechsel schrumpfte und die Beteiligung versiegte.\r\nIch habe hier nun wieder Gleichgesinnte und den Austausch zum Thema Fotografie gefunden.<\/span><\/p><\/div><\/li><\/ul><\/div>\n<h3>Portfolio<\/h3>\n<div class=\"nextgen_pro_thumbnail_grid\" id=\"displayed_gallery_052409632ab82f1e24b607204783dee6\"><div id=\"ngg-image-0\" class=\"image-wrapper\"><a href=\"https:\/\/fk-do.de\/wp\/wp-content\/gallery\/joerg-ilja-haussmann\/99-7240-7.jpg\"\n               title=\"\u00a9 J\u00f6rg-Ilja Hau\u00dfmann\"\n               data-src=\"https:\/\/fk-do.de\/wp\/wp-content\/gallery\/joerg-ilja-haussmann\/99-7240-7.jpg\"\n               data-thumbnail=\"https:\/\/fk-do.de\/wp\/wp-content\/gallery\/joerg-ilja-haussmann\/thumbs\/thumbs_99-7240-7.jpg\"\n               data-image-id=\"3118\"\n               data-title=\"Harzquerbahn - 99-7240-7 bei der Ausfahrt aus Schirke\"\n               data-description=\"\u00a9 J\u00f6rg-Ilja Hau\u00dfmann\"\n               class='nextgen_pro_lightbox' data-nplmodal-gallery-id='052409632ab82f1e24b607204783dee6' data-ngg-protect=\"1\"><picture><source srcset='https:\/\/fk-do.de\/wp\/wp-content\/gallery\/joerg-ilja-haussmann\/thumbs\/thumbs_99-7240-7.jpg' media=''><img title=\"Harzquerbahn - 99-7240-7 bei der Ausfahrt aus Schirke\" alt=\"Harzquerbahn - 99-7240-7 bei der Ausfahrt aus Schirke\" width=\"240\" height=\"160\" style=\"max-width:240px;max-height:160px\" src=\"https:\/\/fk-do.de\/wp\/wp-content\/gallery\/joerg-ilja-haussmann\/thumbs\/thumbs_99-7240-7.jpg\" srcset=\"https:\/\/fk-do.de\/wp\/wp-content\/gallery\/joerg-ilja-haussmann\/thumbs\/thumbs_99-7240-7.jpg\" onerror=\"nggRetryFailedImage(this);\"\/><\/picture>                <noscript><img src=\"https:\/\/fk-do.de\/wp\/wp-content\/gallery\/joerg-ilja-haussmann\/thumbs\/thumbs_99-7240-7.jpg\"\n                         title=\"Harzquerbahn - 99-7240-7 bei der Ausfahrt aus Schirke\"\n                         alt=\"Harzquerbahn - 99-7240-7 bei der Ausfahrt aus Schirke\"\n                         width=\"240\"\n                         height=\"160\"\n                         style=\"max-width:100%; height: auto;\"\/><\/noscript><\/a><\/div><div id=\"ngg-image-1\" class=\"image-wrapper\"><a href=\"https:\/\/fk-do.de\/wp\/wp-content\/gallery\/joerg-ilja-haussmann\/Freerider.jpg\"\n               title=\"\u00a9 J\u00f6rg-Ilja Hau\u00dfmann\"\n               data-src=\"https:\/\/fk-do.de\/wp\/wp-content\/gallery\/joerg-ilja-haussmann\/Freerider.jpg\"\n               data-thumbnail=\"https:\/\/fk-do.de\/wp\/wp-content\/gallery\/joerg-ilja-haussmann\/thumbs\/thumbs_Freerider.jpg\"\n               data-image-id=\"3119\"\n               data-title=\"Freerider - Ein Mitglieder der Freerider DO in einem Wald Syburg\"\n               data-description=\"\u00a9 J\u00f6rg-Ilja Hau\u00dfmann\"\n               class='nextgen_pro_lightbox' data-nplmodal-gallery-id='052409632ab82f1e24b607204783dee6' data-ngg-protect=\"1\"><picture><source srcset='https:\/\/fk-do.de\/wp\/wp-content\/gallery\/joerg-ilja-haussmann\/thumbs\/thumbs_Freerider.jpg' media=''><img title=\"Freerider - Ein Mitglieder der Freerider DO in einem Wald Syburg\" alt=\"Freerider - Ein Mitglieder der Freerider DO in einem Wald Syburg\" width=\"240\" height=\"160\" style=\"max-width:240px;max-height:160px\" src=\"https:\/\/fk-do.de\/wp\/wp-content\/gallery\/joerg-ilja-haussmann\/thumbs\/thumbs_Freerider.jpg\" srcset=\"https:\/\/fk-do.de\/wp\/wp-content\/gallery\/joerg-ilja-haussmann\/thumbs\/thumbs_Freerider.jpg\" onerror=\"nggRetryFailedImage(this);\"\/><\/picture>                <noscript><img src=\"https:\/\/fk-do.de\/wp\/wp-content\/gallery\/joerg-ilja-haussmann\/thumbs\/thumbs_Freerider.jpg\"\n                         title=\"Freerider - Ein Mitglieder der Freerider DO in einem Wald Syburg\"\n                         alt=\"Freerider - Ein Mitglieder der Freerider DO in einem Wald Syburg\"\n                         width=\"240\"\n                         height=\"160\"\n                         style=\"max-width:100%; height: auto;\"\/><\/noscript><\/a><\/div><br style='clear: both'\/><div id=\"ngg-image-2\" class=\"image-wrapper\"><a href=\"https:\/\/fk-do.de\/wp\/wp-content\/gallery\/joerg-ilja-haussmann\/Klatschmohn.jpg\"\n               title=\"\u00a9 J\u00f6rg-Ilja Hau\u00dfmann\"\n               data-src=\"https:\/\/fk-do.de\/wp\/wp-content\/gallery\/joerg-ilja-haussmann\/Klatschmohn.jpg\"\n               data-thumbnail=\"https:\/\/fk-do.de\/wp\/wp-content\/gallery\/joerg-ilja-haussmann\/thumbs\/thumbs_Klatschmohn.jpg\"\n               data-image-id=\"3120\"\n               data-title=\"Klatschmohn - In einem Vorgarten an der Schlei\"\n               data-description=\"\u00a9 J\u00f6rg-Ilja Hau\u00dfmann\"\n               class='nextgen_pro_lightbox' data-nplmodal-gallery-id='052409632ab82f1e24b607204783dee6' data-ngg-protect=\"1\"><picture><source srcset='https:\/\/fk-do.de\/wp\/wp-content\/gallery\/joerg-ilja-haussmann\/thumbs\/thumbs_Klatschmohn.jpg' media=''><img title=\"Klatschmohn - In einem Vorgarten an der Schlei\" alt=\"Klatschmohn - In einem Vorgarten an der Schlei\" width=\"240\" height=\"160\" style=\"max-width:240px;max-height:160px\" src=\"https:\/\/fk-do.de\/wp\/wp-content\/gallery\/joerg-ilja-haussmann\/thumbs\/thumbs_Klatschmohn.jpg\" srcset=\"https:\/\/fk-do.de\/wp\/wp-content\/gallery\/joerg-ilja-haussmann\/thumbs\/thumbs_Klatschmohn.jpg\" onerror=\"nggRetryFailedImage(this);\"\/><\/picture>                <noscript><img src=\"https:\/\/fk-do.de\/wp\/wp-content\/gallery\/joerg-ilja-haussmann\/thumbs\/thumbs_Klatschmohn.jpg\"\n                         title=\"Klatschmohn - In einem Vorgarten an der Schlei\"\n                         alt=\"Klatschmohn - In einem Vorgarten an der Schlei\"\n                         width=\"240\"\n                         height=\"160\"\n                         style=\"max-width:100%; height: auto;\"\/><\/noscript><\/a><\/div><div id=\"ngg-image-3\" class=\"image-wrapper\"><a href=\"https:\/\/fk-do.de\/wp\/wp-content\/gallery\/joerg-ilja-haussmann\/Marienkaefer.jpg\"\n               title=\"\u00a9 J\u00f6rg-Ilja Hau\u00dfmann\"\n               data-src=\"https:\/\/fk-do.de\/wp\/wp-content\/gallery\/joerg-ilja-haussmann\/Marienkaefer.jpg\"\n               data-thumbnail=\"https:\/\/fk-do.de\/wp\/wp-content\/gallery\/joerg-ilja-haussmann\/thumbs\/thumbs_Marienkaefer.jpg\"\n               data-image-id=\"3121\"\n               data-title=\"Marienk\u00e4fer - Marienk\u00e4fer an der K\u00fcste des Ijsselmeer\"\n               data-description=\"\u00a9 J\u00f6rg-Ilja Hau\u00dfmann\"\n               class='nextgen_pro_lightbox' data-nplmodal-gallery-id='052409632ab82f1e24b607204783dee6' data-ngg-protect=\"1\"><picture><source srcset='https:\/\/fk-do.de\/wp\/wp-content\/gallery\/joerg-ilja-haussmann\/thumbs\/thumbs_Marienkaefer.jpg' media=''><img title=\"Marienk\u00e4fer - Marienk\u00e4fer an der K\u00fcste des Ijsselmeer\" alt=\"Marienk\u00e4fer - Marienk\u00e4fer an der K\u00fcste des Ijsselmeer\" width=\"240\" height=\"160\" style=\"max-width:240px;max-height:160px\" src=\"https:\/\/fk-do.de\/wp\/wp-content\/gallery\/joerg-ilja-haussmann\/thumbs\/thumbs_Marienkaefer.jpg\" srcset=\"https:\/\/fk-do.de\/wp\/wp-content\/gallery\/joerg-ilja-haussmann\/thumbs\/thumbs_Marienkaefer.jpg\" onerror=\"nggRetryFailedImage(this);\"\/><\/picture>                <noscript><img src=\"https:\/\/fk-do.de\/wp\/wp-content\/gallery\/joerg-ilja-haussmann\/thumbs\/thumbs_Marienkaefer.jpg\"\n                         title=\"Marienk\u00e4fer - Marienk\u00e4fer an der K\u00fcste des Ijsselmeer\"\n                         alt=\"Marienk\u00e4fer - Marienk\u00e4fer an der K\u00fcste des Ijsselmeer\"\n                         width=\"240\"\n                         height=\"160\"\n                         style=\"max-width:100%; height: auto;\"\/><\/noscript><\/a><\/div><br style='clear: both'\/><div id=\"ngg-image-4\" class=\"image-wrapper\"><a href=\"https:\/\/fk-do.de\/wp\/wp-content\/gallery\/joerg-ilja-haussmann\/Morbide.jpg\"\n               title=\"\u00a9 J\u00f6rg-Ilja Hau\u00dfmann\"\n               data-src=\"https:\/\/fk-do.de\/wp\/wp-content\/gallery\/joerg-ilja-haussmann\/Morbide.jpg\"\n               data-thumbnail=\"https:\/\/fk-do.de\/wp\/wp-content\/gallery\/joerg-ilja-haussmann\/thumbs\/thumbs_Morbide.jpg\"\n               data-image-id=\"3122\"\n               data-title=\"Morbide - Der Wald auf dem Weg zum Brocken\"\n               data-description=\"\u00a9 J\u00f6rg-Ilja Hau\u00dfmann\"\n               class='nextgen_pro_lightbox' data-nplmodal-gallery-id='052409632ab82f1e24b607204783dee6' data-ngg-protect=\"1\"><picture><source srcset='https:\/\/fk-do.de\/wp\/wp-content\/gallery\/joerg-ilja-haussmann\/thumbs\/thumbs_Morbide.jpg' media=''><img title=\"Morbide - Der Wald auf dem Weg zum Brocken\" alt=\"Morbide - Der Wald auf dem Weg zum Brocken\" width=\"240\" height=\"160\" style=\"max-width:240px;max-height:160px\" src=\"https:\/\/fk-do.de\/wp\/wp-content\/gallery\/joerg-ilja-haussmann\/thumbs\/thumbs_Morbide.jpg\" srcset=\"https:\/\/fk-do.de\/wp\/wp-content\/gallery\/joerg-ilja-haussmann\/thumbs\/thumbs_Morbide.jpg\" onerror=\"nggRetryFailedImage(this);\"\/><\/picture>                <noscript><img src=\"https:\/\/fk-do.de\/wp\/wp-content\/gallery\/joerg-ilja-haussmann\/thumbs\/thumbs_Morbide.jpg\"\n                         title=\"Morbide - Der Wald auf dem Weg zum Brocken\"\n                         alt=\"Morbide - Der Wald auf dem Weg zum Brocken\"\n                         width=\"240\"\n                         height=\"160\"\n                         style=\"max-width:100%; height: auto;\"\/><\/noscript><\/a><\/div><div id=\"ngg-image-5\" class=\"image-wrapper\"><a href=\"https:\/\/fk-do.de\/wp\/wp-content\/gallery\/joerg-ilja-haussmann\/Winterleuchten.jpg\"\n               title=\"\u00a9 J\u00f6rg-Ilja Hau\u00dfmann\"\n               data-src=\"https:\/\/fk-do.de\/wp\/wp-content\/gallery\/joerg-ilja-haussmann\/Winterleuchten.jpg\"\n               data-thumbnail=\"https:\/\/fk-do.de\/wp\/wp-content\/gallery\/joerg-ilja-haussmann\/thumbs\/thumbs_Winterleuchten.jpg\"\n               data-image-id=\"3123\"\n               data-title=\"Winterleuchten - Eine Lichtinstallation beim Winterleuchten 2016 in der Gruga\"\n               data-description=\"\u00a9 J\u00f6rg-Ilja Hau\u00dfmann\"\n               class='nextgen_pro_lightbox' data-nplmodal-gallery-id='052409632ab82f1e24b607204783dee6' data-ngg-protect=\"1\"><picture><source srcset='https:\/\/fk-do.de\/wp\/wp-content\/gallery\/joerg-ilja-haussmann\/thumbs\/thumbs_Winterleuchten.jpg' media=''><img title=\"Winterleuchten - Eine Lichtinstallation beim Winterleuchten 2016 in der Gruga\" alt=\"Winterleuchten - Eine Lichtinstallation beim Winterleuchten 2016 in der Gruga\" width=\"240\" height=\"160\" style=\"max-width:240px;max-height:160px\" src=\"https:\/\/fk-do.de\/wp\/wp-content\/gallery\/joerg-ilja-haussmann\/thumbs\/thumbs_Winterleuchten.jpg\" srcset=\"https:\/\/fk-do.de\/wp\/wp-content\/gallery\/joerg-ilja-haussmann\/thumbs\/thumbs_Winterleuchten.jpg\" onerror=\"nggRetryFailedImage(this);\"\/><\/picture>                <noscript><img src=\"https:\/\/fk-do.de\/wp\/wp-content\/gallery\/joerg-ilja-haussmann\/thumbs\/thumbs_Winterleuchten.jpg\"\n                         title=\"Winterleuchten - Eine Lichtinstallation beim Winterleuchten 2016 in der Gruga\"\n                         alt=\"Winterleuchten - Eine Lichtinstallation beim Winterleuchten 2016 in der Gruga\"\n                         width=\"240\"\n                         height=\"160\"\n                         style=\"max-width:100%; height: auto;\"\/><\/noscript><\/a><\/div><br style='clear: both'\/><div class='ngg-clear'><\/div><\/div>\n","protected":false},"excerpt":{"rendered":"<p>Portfolio &#8221; returns=&#8221;included&#8221; maximum_entity_count=&#8221;500&#8243;]&nbsp;<\/p>\n","protected":false},"author":3,"featured_media":0,"parent":1246,"menu_order":0,"comment_status":"closed","ping_status":"closed","template":"","meta":{"_mi_skip_tracking":false,"_exactmetrics_sitenote_active":false,"_exactmetrics_sitenote_note":"","_exactmetrics_sitenote_category":0,"ngg_post_thumbnail":0,"footnotes":"","_links_to":"","_links_to_target":""},"jetpack_sharing_enabled":true,"_links":{"self":[{"href":"https:\/\/fk-do.de\/wp\/wp-json\/wp\/v2\/pages\/15130"}],"collection":[{"href":"https:\/\/fk-do.de\/wp\/wp-json\/wp\/v2\/pages"}],"about":[{"href":"https:\/\/fk-do.de\/wp\/wp-json\/wp\/v2\/types\/page"}],"author":[{"embeddable":true,"href":"https:\/\/fk-do.de\/wp\/wp-json\/wp\/v2\/users\/3"}],"replies":[{"embeddable":true,"href":"https:\/\/fk-do.de\/wp\/wp-json\/wp\/v2\/comments?post=15130"}],"version-history":[{"count":3,"href":"https:\/\/fk-do.de\/wp\/wp-json\/wp\/v2\/pages\/15130\/revisions"}],"predecessor-version":[{"id":22902,"href":"https:\/\/fk-do.de\/wp\/wp-json\/wp\/v2\/pages\/15130\/revisions\/22902"}],"up":[{"embeddable":true,"href":"https:\/\/fk-do.de\/wp\/wp-json\/wp\/v2\/pages\/1246"}],"wp:attachment":[{"href":"https:\/\/fk-do.de\/wp\/wp-json\/wp\/v2\/media?parent=15130"}],"curies":[{"name":"wp","href":"https:\/\/api.w.org\/{rel}","templated":true}]}}