{"id":22305,"date":"2024-02-29T12:22:55","date_gmt":"2024-02-29T11:22:55","guid":{"rendered":"https:\/\/fk-do.de\/wp\/?page_id=22305"},"modified":"2024-02-29T13:33:46","modified_gmt":"2024-02-29T12:33:46","slug":"programm","status":"publish","type":"page","link":"https:\/\/fk-do.de\/wp\/programm\/","title":{"rendered":"Programm 2024"},"content":{"rendered":"<p>Nachfolgend finden Sie das vorl\u00e4ufige Jahresprogramm f\u00fcr unsere monatlich stattfindenden Clubabende.<br \/>\nDie konkreten Termine und Veranstaltungsorte <a href=\"\/wp\/events\/categories\/oeffentliche_termine\/\">entnehmen Sie bitte unserem Kalender<\/a>.<br \/>\n&nbsp;<br \/>\n<div class=\"su-tabs su-tabs-style-default su-tabs-mobile-stack\" data-active=\"1\" data-scroll-offset=\"0\" data-anchor-in-url=\"no\"><div class=\"su-tabs-nav\"><span class=\"\" data-url=\"\" data-target=\"blank\" tabindex=\"0\" role=\"button\">Januar<\/span><span class=\"\" data-url=\"\" data-target=\"blank\" tabindex=\"0\" role=\"button\">Februar<\/span><span class=\"\" data-url=\"\" data-target=\"blank\" tabindex=\"0\" role=\"button\">M\u00e4rz<\/span><span class=\"\" data-url=\"\" data-target=\"blank\" tabindex=\"0\" role=\"button\">April<\/span><span class=\"\" data-url=\"\" data-target=\"blank\" tabindex=\"0\" role=\"button\">Mai<\/span><span class=\"\" data-url=\"\" data-target=\"blank\" tabindex=\"0\" role=\"button\">Juni<\/span><span class=\"\" data-url=\"\" data-target=\"blank\" tabindex=\"0\" role=\"button\">Juli<\/span><span class=\"\" data-url=\"\" data-target=\"blank\" tabindex=\"0\" role=\"button\">August<\/span><span class=\"\" data-url=\"\" data-target=\"blank\" tabindex=\"0\" role=\"button\">September<\/span><span class=\"\" data-url=\"\" data-target=\"blank\" tabindex=\"0\" role=\"button\">Oktober<\/span><span class=\"\" data-url=\"\" data-target=\"blank\" tabindex=\"0\" role=\"button\">November<\/span><span class=\"\" data-url=\"\" data-target=\"blank\" tabindex=\"0\" role=\"button\">Dezember<\/span><\/div><div class=\"su-tabs-panes\"><div class=\"su-tabs-pane su-u-clearfix su-u-trim\" data-title=\"Januar\">\n<h3>Januar<\/h3>\n<div style=\"overflow-x: auto;\">\n<table class=\"table table-hover\">\n<thead>\n<th>Titel<\/th>\n<th>Beschreibung<\/th>\n<th>Zeitraum<\/th>\n<\/thead>\n<tbody>\n<tr>\n<td><strong>Organisatorisches<\/strong><\/td>\n<td>&nbsp;<\/td>\n<td>&nbsp;<\/td>\n<\/tr>\n<tr>\n<td>Protokoll<\/td>\n<td>Offene Themen durchschleifen<\/td>\n<td>ca. 5 Minuten<\/td>\n<\/tr>\n<tr>\n<td>Vorstand<\/td>\n<td>Vereinsthemen<\/td>\n<td>ca. 5 Minuten<\/td>\n<\/tr>\n<tr>\n<td>Webteam<\/td>\n<td>Technik-Check, Backup-Historie<\/td>\n<td>ca. 5 Minuten<\/td>\n<\/tr>\n<tr>\n<td>Projektleiter<\/td>\n<td>Aktuelle Entwicklungen (u.a. Meilensteine, Erfolge)<\/td>\n<td>ca. 15 Minuten<\/td>\n<\/tr>\n<tr>\n<td>\u00d6ffentlichkeitsarbeit<\/td>\n<td>(Geplante) Ver\u00f6ffentlichungen: Was? Wann? Wo?<\/td>\n<td>ca. 10 Minuten<\/td>\n<\/tr>\n<tr>\n<td>Termine \/ Exkursionen<\/td>\n<td>Welche Veranstaltungen wurden besucht, welche stehen bevor?<\/td>\n<td>ca. 10 Minuten<\/td>\n<\/tr>\n<tr>\n<td><strong>Inhaltliches<\/strong><\/td>\n<td>&nbsp;<\/td>\n<td>&nbsp;<\/td>\n<\/tr>\n<tr>\n<td><a href=\"\/wp\/projekte1\/projekt-3-in-30\/\">3 in 30<\/a><\/td>\n<td>Bildbesprechungsformat<\/td>\n<td>ca. 30 Minuten<\/td>\n<\/tr>\n<tr>\n<td><a href=\"\/wp\/projekte1\/projekt-monthly-championship\/\">Monthly Championship (&#8220;MC&#8221;)<\/a><\/td>\n<td>Vereinsinterner Wettbewerb<\/td>\n<td>ca. 30 Minuten<\/td>\n<\/tr>\n<tr>\n<td><a href=\"\/wp\/projekte1\/projekt-kooperationen\/\">Kooperationen<\/a><\/td>\n<td>Er\u00f6rterung einer kurzfristigen Kooperationsm\u00f6glichkeit durch Gast Peter L.<\/td>\n<td>ca. 60 Minuten<\/td>\n<\/tr>\n<tr>\n<td>KI in der Bildbewertung<\/td>\n<td>Start der Diskussionsreihe KI bei der Bildbewertung<\/td>\n<td>ca. 60 Minuten<\/td>\n<\/tr>\n<\/tbody>\n<\/table>\n<\/div>\n<\/div>\n<div class=\"su-tabs-pane su-u-clearfix su-u-trim\" data-title=\"Februar\">\n<h3>Februar<\/h3>\n<div style=\"overflow-x: auto;\">\n<table class=\"table table-hover\">\n<thead>\n<th>Titel<\/th>\n<th>Beschreibung<\/th>\n<th>Zeitraum<\/th>\n<\/thead>\n<tbody>\n<tr>\n<td><strong>Organisatorisches<\/strong><\/td>\n<td>&nbsp;<\/td>\n<td>&nbsp;<\/td>\n<\/tr>\n<tr>\n<td>Protokoll<\/td>\n<td>Offene Themen durchschleifen<\/td>\n<td>ca. 5 Minuten<\/td>\n<\/tr>\n<tr>\n<td>Vorstand<\/td>\n<td>Vereinsthemen<\/td>\n<td>ca. 5 Minuten<\/td>\n<\/tr>\n<tr>\n<td>Webteam<\/td>\n<td>Technik-Check, Backup-Historie<\/td>\n<td>ca. 5 Minuten<\/td>\n<\/tr>\n<tr>\n<td>Projektleiter<\/td>\n<td>Aktuelle Entwicklungen (u.a. Meilensteine, Erfolge)<\/td>\n<td>ca. 15 Minuten<\/td>\n<\/tr>\n<tr>\n<td>\u00d6ffentlichkeitsarbeit<\/td>\n<td>(Geplante) Ver\u00f6ffentlichungen: Was? Wann? Wo?<\/td>\n<td>ca. 10 Minuten<\/td>\n<\/tr>\n<tr>\n<td>Termine \/ Exkursionen<\/td>\n<td>Welche Veranstaltungen wurden besucht, welche stehen bevor?<\/td>\n<td>ca. 10 Minuten<\/td>\n<\/tr>\n<tr>\n<td><strong>Inhaltliches<\/strong><\/td>\n<td>&nbsp;<\/td>\n<td>&nbsp;<\/td>\n<\/tr>\n<tr>\n<td><a href=\"\/wp\/projekte1\/projekt-3-in-30\/\">3 in 30<\/a><\/td>\n<td>Bildbesprechungsformat<\/td>\n<td>ca. 30 Minuten<\/td>\n<\/tr>\n<tr>\n<td><a href=\"\/wp\/projekte1\/projekt-monthly-championship\/\">Monthly Championship (&#8220;MC&#8221;)<\/a><\/td>\n<td>Vereinsinterner Wettbewerb<\/td>\n<td>ca. 30 Minuten<\/td>\n<\/tr>\n<tr>\n<td><b>Vortrag<\/b><\/td>\n<td>Panorama-Makros, Vortrag von Wilfried Werner<\/td>\n<td>ca. 60 Minuten<\/td>\n<\/tr>\n<tr>\n<td>Kurzportrait<\/td>\n<td>Annelise Kretschmer<\/td>\n<td>ca. 20 Minuten<\/td>\n<\/tr>\n<\/tbody>\n<\/table>\n<\/div>\n<\/div>\n<div class=\"su-tabs-pane su-u-clearfix su-u-trim\" data-title=\"M\u00e4rz\">\n<h3>M\u00e4rz<\/h3>\n<div style=\"overflow-x: auto;\">\n<table class=\"table table-hover\">\n<thead>\n<th>Titel<\/th>\n<th>Beschreibung<\/th>\n<th>Zeitraum<\/th>\n<\/thead>\n<tbody>\n<tr>\n<td><strong>Organisatorisches<\/strong><\/td>\n<td>&nbsp;<\/td>\n<td>&nbsp;<\/td>\n<\/tr>\n<tr>\n<td>Protokoll<\/td>\n<td>Offene Themen durchschleifen<\/td>\n<td>ca. 5 Minuten<\/td>\n<\/tr>\n<tr>\n<td>Vorstand<\/td>\n<td>Vereinsthemen<\/td>\n<td>ca. 5 Minuten<\/td>\n<\/tr>\n<tr>\n<td>Webteam<\/td>\n<td>Technik-Check, Backup-Historie<\/td>\n<td>ca. 5 Minuten<\/td>\n<\/tr>\n<tr>\n<td>Projektleiter<\/td>\n<td>Aktuelle Entwicklungen (u.a. Meilensteine, Erfolge)<\/td>\n<td>ca. 15 Minuten<\/td>\n<\/tr>\n<tr>\n<td>\u00d6ffentlichkeitsarbeit<\/td>\n<td>(Geplante) Ver\u00f6ffentlichungen: Was? Wann? Wo?<\/td>\n<td>ca. 10 Minuten<\/td>\n<\/tr>\n<tr>\n<td>Termine \/ Exkursionen<\/td>\n<td>Welche Veranstaltungen wurden besucht, welche stehen bevor?<\/td>\n<td>ca. 10 Minuten<\/td>\n<\/tr>\n<tr>\n<td><strong>Inhaltliches<\/strong><\/td>\n<td>&nbsp;<\/td>\n<td>&nbsp;<\/td>\n<\/tr>\n<tr>\n<td><a href=\"\/wp\/projekte1\/projekt-3-in-30\/\">3 in 30<\/a><\/td>\n<td>Bildbesprechungsformat<\/td>\n<td>ca. 30 Minuten<\/td>\n<\/tr>\n<tr>\n<td><a href=\"\/wp\/projekte1\/projekt-monthly-championship\/\">Monthly Championship (&#8220;MC&#8221;)<\/a><\/td>\n<td>Vereinsinterner Wettbewerb<\/td>\n<td>ca. 30 Minuten<\/td>\n<\/tr>\n<tr>\n<td><b>Vortrag<\/b><\/td>\n<td>Astrofotografie mit normaler Fotoausr\u00fcstung, Stefan Erbe<\/td>\n<td>ca 60 Minuten<\/td>\n<\/tr>\n<\/tbody>\n<\/table>\n<\/div>\n<\/div>\n<div class=\"su-tabs-pane su-u-clearfix su-u-trim\" data-title=\"April\">\n<h3>April<\/h3>\n<div style=\"overflow-x: auto;\">\n<table class=\"table table-hover\">\n<thead>\n<th>Titel<\/th>\n<th>Beschreibung<\/th>\n<th>Zeitraum<\/th>\n<\/thead>\n<tbody>\n<tr>\n<td><strong>Organisatorisches<\/strong><\/td>\n<td>&nbsp;<\/td>\n<td>&nbsp;<\/td>\n<\/tr>\n<tr>\n<td>Protokoll<\/td>\n<td>Offene Themen durchschleifen<\/td>\n<td>ca. 5 Minuten<\/td>\n<\/tr>\n<tr>\n<td>Vorstand<\/td>\n<td>Vereinsthemen<\/td>\n<td>ca. 5 Minuten<\/td>\n<\/tr>\n<tr>\n<td>Webteam<\/td>\n<td>Technik-Check, Backup-Historie<\/td>\n<td>ca. 5 Minuten<\/td>\n<\/tr>\n<tr>\n<td>Projektleiter<\/td>\n<td>Aktuelle Entwicklungen (u.a. Meilensteine, Erfolge)<\/td>\n<td>ca. 15 Minuten<\/td>\n<\/tr>\n<tr>\n<td>\u00d6ffentlichkeitsarbeit<\/td>\n<td>(Geplante) Ver\u00f6ffentlichungen: Was? Wann? Wo?<\/td>\n<td>ca. 10 Minuten<\/td>\n<\/tr>\n<tr>\n<td>Termine \/ Exkursionen<\/td>\n<td>Welche Veranstaltungen wurden besucht, welche stehen bevor?<\/td>\n<td>ca. 10 Minuten<\/td>\n<\/tr>\n<tr>\n<td><strong>Inhaltliches<\/strong><\/td>\n<td>&nbsp;<\/td>\n<td>&nbsp;<\/td>\n<\/tr>\n<tr>\n<td><a href=\"\/wp\/projekte1\/projekt-3-in-30\/\">3 in 30<\/a><\/td>\n<td>Bildbesprechungsformat<\/td>\n<td>ca. 30 Minuten<\/td>\n<\/tr>\n<tr>\n<td><a href=\"\/wp\/projekte1\/projekt-monthly-championship\/\">Monthly Championship (&#8220;MC&#8221;)<\/a><\/td>\n<td>Vereinsinterner Wettbewerb<\/td>\n<td>ca. 30 Minuten<\/td>\n<\/tr>\n<\/tbody>\n<\/table>\n<\/div>\n<\/div>\n<div class=\"su-tabs-pane su-u-clearfix su-u-trim\" data-title=\"Mai\">\n<h3>Mai<\/h3>\n<div style=\"overflow-x: auto;\">\n<table class=\"table table-hover\">\n<thead>\n<th>Titel<\/th>\n<th>Beschreibung<\/th>\n<th>Zeitraum<\/th>\n<\/thead>\n<tbody>\n<tr>\n<td><strong>Organisatorisches<\/strong><\/td>\n<td>&nbsp;<\/td>\n<td>&nbsp;<\/td>\n<\/tr>\n<tr>\n<td>Protokoll<\/td>\n<td>Offene Themen durchschleifen<\/td>\n<td>ca. 5 Minuten<\/td>\n<\/tr>\n<tr>\n<td>Vorstand<\/td>\n<td>Vereinsthemen<\/td>\n<td>ca. 5 Minuten<\/td>\n<\/tr>\n<tr>\n<td>Webteam<\/td>\n<td>Technik-Check, Backup-Historie<\/td>\n<td>ca. 5 Minuten<\/td>\n<\/tr>\n<tr>\n<td>Projektleiter<\/td>\n<td>Aktuelle Entwicklungen (u.a. Meilensteine, Erfolge)<\/td>\n<td>ca. 15 Minuten<\/td>\n<\/tr>\n<tr>\n<td>\u00d6ffentlichkeitsarbeit<\/td>\n<td>(Geplante) Ver\u00f6ffentlichungen: Was? Wann? Wo?<\/td>\n<td>ca. 10 Minuten<\/td>\n<\/tr>\n<tr>\n<td>Termine \/ Exkursionen<\/td>\n<td>Welche Veranstaltungen wurden besucht, welche stehen bevor?<\/td>\n<td>ca. 10 Minuten<\/td>\n<\/tr>\n<tr>\n<td><strong>Inhaltliches<\/strong><\/td>\n<td>&nbsp;<\/td>\n<td>&nbsp;<\/td>\n<\/tr>\n<tr>\n<td><a href=\"\/wp\/projekte1\/projekt-3-in-30\/\">3 in 30<\/a><\/td>\n<td>Bildbesprechungsformat<\/td>\n<td>ca. 30 Minuten<\/td>\n<\/tr>\n<tr>\n<td><a href=\"\/wp\/projekte1\/projekt-monthly-championship\/\">Monthly Championship (&#8220;MC&#8221;)<\/a><\/td>\n<td>Vereinsinterner Wettbewerb<\/td>\n<td>ca. 30 Minuten<\/td>\n<\/tr>\n<tr>\n<td><b>Vortrag<\/b><\/td>\n<td>&#8220;Praxis der Tierfotografie&#8221;, Dr. Schaub<\/td>\n<td>ca 60 Minuten<\/td>\n<\/tr>\n<\/tbody>\n<\/table>\n<\/div>\n<\/div>\n<div class=\"su-tabs-pane su-u-clearfix su-u-trim\" data-title=\"Juni\">\n<h3>Juni<\/h3>\n<div style=\"overflow-x: auto;\">\n<table class=\"table table-hover\">\n<thead>\n<th>Titel<\/th>\n<th>Beschreibung<\/th>\n<th>Zeitraum<\/th>\n<\/thead>\n<tbody>\n<tr>\n<td><strong>Organisatorisches<\/strong><\/td>\n<td>&nbsp;<\/td>\n<td>&nbsp;<\/td>\n<\/tr>\n<tr>\n<td>Protokoll<\/td>\n<td>Offene Themen durchschleifen<\/td>\n<td>ca. 5 Minuten<\/td>\n<\/tr>\n<tr>\n<td>Vorstand<\/td>\n<td>Vereinsthemen<\/td>\n<td>ca. 5 Minuten<\/td>\n<\/tr>\n<tr>\n<td>Webteam<\/td>\n<td>Technik-Check, Backup-Historie<\/td>\n<td>ca. 5 Minuten<\/td>\n<\/tr>\n<tr>\n<td>Projektleiter<\/td>\n<td>Aktuelle Entwicklungen (u.a. Meilensteine, Erfolge)<\/td>\n<td>ca. 15 Minuten<\/td>\n<\/tr>\n<tr>\n<td>\u00d6ffentlichkeitsarbeit<\/td>\n<td>(Geplante) Ver\u00f6ffentlichungen: Was? Wann? Wo?<\/td>\n<td>ca. 10 Minuten<\/td>\n<\/tr>\n<tr>\n<td>Termine \/ Exkursionen<\/td>\n<td>Welche Veranstaltungen wurden besucht, welche stehen bevor?<\/td>\n<td>ca. 10 Minuten<\/td>\n<\/tr>\n<tr>\n<td><strong>Inhaltliches<\/strong><\/td>\n<td>&nbsp;<\/td>\n<td>&nbsp;<\/td>\n<\/tr>\n<tr>\n<td><a href=\"\/wp\/projekte1\/projekt-3-in-30\/\">3 in 30<\/a><\/td>\n<td>Bildbesprechungsformat<\/td>\n<td>ca. 30 Minuten<\/td>\n<\/tr>\n<tr>\n<td><a href=\"\/wp\/projekte1\/projekt-monthly-championship\/\">Monthly Championship (&#8220;MC&#8221;)<\/a><\/td>\n<td>Vereinsinterner Wettbewerb<\/td>\n<td>ca. 30 Minuten<\/td>\n<\/tr>\n<\/tbody>\n<\/table>\n<\/div>\n<\/div>\n<div class=\"su-tabs-pane su-u-clearfix su-u-trim\" data-title=\"Juli\">\n<h3>Juli<\/h3>\n<div style=\"overflow-x: auto;\">\n<table class=\"table table-hover\">\n<thead>\n<th>Titel<\/th>\n<th>Beschreibung<\/th>\n<th>Zeitraum<\/th>\n<\/thead>\n<tbody>\n<tr>\n<td><strong>Organisatorisches<\/strong><\/td>\n<td>&nbsp;<\/td>\n<td>&nbsp;<\/td>\n<\/tr>\n<tr>\n<td>Protokoll<\/td>\n<td>Offene Themen durchschleifen<\/td>\n<td>ca. 5 Minuten<\/td>\n<\/tr>\n<tr>\n<td>Vorstand<\/td>\n<td>Vereinsthemen<\/td>\n<td>ca. 5 Minuten<\/td>\n<\/tr>\n<tr>\n<td>Webteam<\/td>\n<td>Technik-Check, Backup-Historie<\/td>\n<td>ca. 5 Minuten<\/td>\n<\/tr>\n<tr>\n<td>Projektleiter<\/td>\n<td>Aktuelle Entwicklungen (u.a. Meilensteine, Erfolge)<\/td>\n<td>ca. 15 Minuten<\/td>\n<\/tr>\n<tr>\n<td>\u00d6ffentlichkeitsarbeit<\/td>\n<td>(Geplante) Ver\u00f6ffentlichungen: Was? Wann? Wo?<\/td>\n<td>ca. 10 Minuten<\/td>\n<\/tr>\n<tr>\n<td>Termine \/ Exkursionen<\/td>\n<td>Welche Veranstaltungen wurden besucht, welche stehen bevor?<\/td>\n<td>ca. 10 Minuten<\/td>\n<\/tr>\n<tr>\n<td><strong>Inhaltliches<\/strong><\/td>\n<td>&nbsp;<\/td>\n<td>&nbsp;<\/td>\n<\/tr>\n<tr>\n<td><a href=\"\/wp\/projekte1\/projekt-3-in-30\/\">3 in 30<\/a><\/td>\n<td>Bildbesprechungsformat<\/td>\n<td>ca. 30 Minuten<\/td>\n<\/tr>\n<tr>\n<td><a href=\"\/wp\/projekte1\/projekt-monthly-championship\/\">Monthly Championship (&#8220;MC&#8221;)<\/a><\/td>\n<td>Vereinsinterner Wettbewerb<\/td>\n<td>ca. 30 Minuten<\/td>\n<\/tr>\n<\/tbody>\n<\/table>\n<\/div>\n<\/div>\n<div class=\"su-tabs-pane su-u-clearfix su-u-trim\" data-title=\"August\">\n<h3>August<\/h3>\n<div style=\"overflow-x: auto;\">\n<table class=\"table table-hover\">\n<thead>\n<th>Titel<\/th>\n<th>Beschreibung<\/th>\n<th>Zeitraum<\/th>\n<\/thead>\n<tbody>\n<tr>\n<td><strong>Organisatorisches<\/strong><\/td>\n<td>&nbsp;<\/td>\n<td>&nbsp;<\/td>\n<\/tr>\n<tr>\n<td>Protokoll<\/td>\n<td>Offene Themen durchschleifen<\/td>\n<td>ca. 5 Minuten<\/td>\n<\/tr>\n<tr>\n<td>Vorstand<\/td>\n<td>Vereinsthemen<\/td>\n<td>ca. 5 Minuten<\/td>\n<\/tr>\n<tr>\n<td>Webteam<\/td>\n<td>Technik-Check, Backup-Historie<\/td>\n<td>ca. 5 Minuten<\/td>\n<\/tr>\n<tr>\n<td>Projektleiter<\/td>\n<td>Aktuelle Entwicklungen (u.a. Meilensteine, Erfolge)<\/td>\n<td>ca. 15 Minuten<\/td>\n<\/tr>\n<tr>\n<td>\u00d6ffentlichkeitsarbeit<\/td>\n<td>(Geplante) Ver\u00f6ffentlichungen: Was? Wann? Wo?<\/td>\n<td>ca. 10 Minuten<\/td>\n<\/tr>\n<tr>\n<td>Termine \/ Exkursionen<\/td>\n<td>Welche Veranstaltungen wurden besucht, welche stehen bevor?<\/td>\n<td>ca. 10 Minuten<\/td>\n<\/tr>\n<tr>\n<td><strong>Inhaltliches<\/strong><\/td>\n<td>&nbsp;<\/td>\n<td>&nbsp;<\/td>\n<\/tr>\n<tr>\n<td><a href=\"\/wp\/projekte1\/projekt-3-in-30\/\">3 in 30<\/a><\/td>\n<td>Bildbesprechungsformat<\/td>\n<td>ca. 30 Minuten<\/td>\n<\/tr>\n<tr>\n<td><a href=\"\/wp\/projekte1\/projekt-monthly-championship\/\">Monthly Championship (&#8220;MC&#8221;)<\/a><\/td>\n<td>Vereinsinterner Wettbewerb<\/td>\n<td>ca. 30 Minuten<\/td>\n<\/tr>\n<\/tbody>\n<\/table>\n<\/div>\n<\/div>\n<div class=\"su-tabs-pane su-u-clearfix su-u-trim\" data-title=\"September\">\n<h3>September<\/h3>\n<div style=\"overflow-x: auto;\">\n<table class=\"table table-hover\">\n<thead>\n<th>Titel<\/th>\n<th>Beschreibung<\/th>\n<th>Zeitraum<\/th>\n<\/thead>\n<tbody>\n<tr>\n<td><strong>Organisatorisches<\/strong><\/td>\n<td>&nbsp;<\/td>\n<td>&nbsp;<\/td>\n<\/tr>\n<tr>\n<td>Protokoll<\/td>\n<td>Offene Themen durchschleifen<\/td>\n<td>ca. 5 Minuten<\/td>\n<\/tr>\n<tr>\n<td>Vorstand<\/td>\n<td>Vereinsthemen<\/td>\n<td>ca. 5 Minuten<\/td>\n<\/tr>\n<tr>\n<td>Webteam<\/td>\n<td>Technik-Check, Backup-Historie<\/td>\n<td>ca. 5 Minuten<\/td>\n<\/tr>\n<tr>\n<td>Projektleiter<\/td>\n<td>Aktuelle Entwicklungen (u.a. Meilensteine, Erfolge)<\/td>\n<td>ca. 15 Minuten<\/td>\n<\/tr>\n<tr>\n<td>\u00d6ffentlichkeitsarbeit<\/td>\n<td>(Geplante) Ver\u00f6ffentlichungen: Was? Wann? Wo?<\/td>\n<td>ca. 10 Minuten<\/td>\n<\/tr>\n<tr>\n<td>Termine \/ Exkursionen<\/td>\n<td>Welche Veranstaltungen wurden besucht, welche stehen bevor?<\/td>\n<td>ca. 10 Minuten<\/td>\n<\/tr>\n<tr>\n<td><strong>Inhaltliches<\/strong><\/td>\n<td>&nbsp;<\/td>\n<td>&nbsp;<\/td>\n<\/tr>\n<tr>\n<td><a href=\"\/wp\/projekte1\/projekt-3-in-30\/\">3 in 30<\/a><\/td>\n<td>Bildbesprechungsformat<\/td>\n<td>ca. 30 Minuten<\/td>\n<\/tr>\n<tr>\n<td><a href=\"\/wp\/projekte1\/projekt-monthly-championship\/\">Monthly Championship (&#8220;MC&#8221;)<\/a><\/td>\n<td>Vereinsinterner Wettbewerb<\/td>\n<td>ca. 30 Minuten<\/td>\n<\/tr>\n<\/tbody>\n<\/table>\n<\/div>\n<\/div>\n<div class=\"su-tabs-pane su-u-clearfix su-u-trim\" data-title=\"Oktober\">\n<h3>Oktober<\/h3>\n<div style=\"overflow-x: auto;\">\n<table class=\"table table-hover\">\n<thead>\n<th>Titel<\/th>\n<th>Beschreibung<\/th>\n<th>Zeitraum<\/th>\n<\/thead>\n<tbody>\n<tr>\n<td><strong>Organisatorisches<\/strong><\/td>\n<td>&nbsp;<\/td>\n<td>&nbsp;<\/td>\n<\/tr>\n<tr>\n<td>Protokoll<\/td>\n<td>Offene Themen durchschleifen<\/td>\n<td>ca. 5 Minuten<\/td>\n<\/tr>\n<tr>\n<td>Vorstand<\/td>\n<td>Vereinsthemen<\/td>\n<td>ca. 5 Minuten<\/td>\n<\/tr>\n<tr>\n<td>Webteam<\/td>\n<td>Technik-Check, Backup-Historie<\/td>\n<td>ca. 5 Minuten<\/td>\n<\/tr>\n<tr>\n<td>Projektleiter<\/td>\n<td>Aktuelle Entwicklungen (u.a. Meilensteine, Erfolge)<\/td>\n<td>ca. 15 Minuten<\/td>\n<\/tr>\n<tr>\n<td>\u00d6ffentlichkeitsarbeit<\/td>\n<td>(Geplante) Ver\u00f6ffentlichungen: Was? Wann? Wo?<\/td>\n<td>ca. 10 Minuten<\/td>\n<\/tr>\n<tr>\n<td>Termine \/ Exkursionen<\/td>\n<td>Welche Veranstaltungen wurden besucht, welche stehen bevor?<\/td>\n<td>ca. 10 Minuten<\/td>\n<\/tr>\n<tr>\n<td><strong>Inhaltliches<\/strong><\/td>\n<td>&nbsp;<\/td>\n<td>&nbsp;<\/td>\n<\/tr>\n<tr>\n<td><a href=\"\/wp\/projekte1\/projekt-3-in-30\/\">3 in 30<\/a><\/td>\n<td>Bildbesprechungsformat<\/td>\n<td>ca. 30 Minuten<\/td>\n<\/tr>\n<tr>\n<td><a href=\"\/wp\/projekte1\/projekt-monthly-championship\/\">Monthly Championship (&#8220;MC&#8221;)<\/a><\/td>\n<td>Vereinsinterner Wettbewerb<\/td>\n<td>ca. 30 Minuten<\/td>\n<\/tr>\n<\/tbody>\n<\/table>\n<\/div>\n<\/div>\n<div class=\"su-tabs-pane su-u-clearfix su-u-trim\" data-title=\"November\">\n<h3>November<\/h3>\n<div style=\"overflow-x: auto;\">\n<table class=\"table table-hover\">\n<thead>\n<th>Titel<\/th>\n<th>Beschreibung<\/th>\n<th>Zeitraum<\/th>\n<\/thead>\n<tbody>\n<tr>\n<td><strong>Organisatorisches<\/strong><\/td>\n<td>&nbsp;<\/td>\n<td>&nbsp;<\/td>\n<\/tr>\n<tr>\n<td>Protokoll<\/td>\n<td>Offene Themen durchschleifen<\/td>\n<td>ca. 5 Minuten<\/td>\n<\/tr>\n<tr>\n<td>Vorstand<\/td>\n<td>Vereinsthemen<\/td>\n<td>ca. 5 Minuten<\/td>\n<\/tr>\n<tr>\n<td>Webteam<\/td>\n<td>Technik-Check, Backup-Historie<\/td>\n<td>ca. 5 Minuten<\/td>\n<\/tr>\n<tr>\n<td>Projektleiter<\/td>\n<td>Aktuelle Entwicklungen (u.a. Meilensteine, Erfolge)<\/td>\n<td>ca. 15 Minuten<\/td>\n<\/tr>\n<tr>\n<td>\u00d6ffentlichkeitsarbeit<\/td>\n<td>(Geplante) Ver\u00f6ffentlichungen: Was? Wann? Wo?<\/td>\n<td>ca. 10 Minuten<\/td>\n<\/tr>\n<tr>\n<td>Termine \/ Exkursionen<\/td>\n<td>Welche Veranstaltungen wurden besucht, welche stehen bevor?<\/td>\n<td>ca. 10 Minuten<\/td>\n<\/tr>\n<tr>\n<td><strong>Inhaltliches<\/strong><\/td>\n<td>&nbsp;<\/td>\n<td>&nbsp;<\/td>\n<\/tr>\n<tr>\n<td><a href=\"\/wp\/projekte1\/projekt-3-in-30\/\">3 in 30<\/a><\/td>\n<td>Bildbesprechungsformat<\/td>\n<td>ca. 30 Minuten<\/td>\n<\/tr>\n<tr>\n<td><a href=\"\/wp\/projekte1\/projekt-monthly-championship\/\">Monthly Championship (&#8220;MC&#8221;)<\/a><\/td>\n<td>Vereinsinterner Wettbewerb<\/td>\n<td>ca. 30 Minuten<\/td>\n<\/tr>\n<\/tbody>\n<\/table>\n<\/div>\n<\/div>\n<div class=\"su-tabs-pane su-u-clearfix su-u-trim\" data-title=\"Dezember\">\n<h3>Dezember<\/h3>\n<div style=\"overflow-x: auto;\">\n<table class=\"table table-hover\">\n<thead>\n<th>Titel<\/th>\n<th>Beschreibung<\/th>\n<th>Zeitraum<\/th>\n<\/thead>\n<tbody>\n<tr>\n<td><strong>Organisatorisches<\/strong><\/td>\n<td>&nbsp;<\/td>\n<td>&nbsp;<\/td>\n<\/tr>\n<tr>\n<td>Protokoll<\/td>\n<td>Offene Themen durchschleifen<\/td>\n<td>ca. 5 Minuten<\/td>\n<\/tr>\n<tr>\n<td>Vorstand<\/td>\n<td>Vereinsthemen<\/td>\n<td>ca. 5 Minuten<\/td>\n<\/tr>\n<tr>\n<td>Webteam<\/td>\n<td>Technik-Check, Backup-Historie<\/td>\n<td>ca. 5 Minuten<\/td>\n<\/tr>\n<tr>\n<td>Projektleiter<\/td>\n<td>Aktuelle Entwicklungen (u.a. Meilensteine, Erfolge)<\/td>\n<td>ca. 15 Minuten<\/td>\n<\/tr>\n<tr>\n<td>\u00d6ffentlichkeitsarbeit<\/td>\n<td>(Geplante) Ver\u00f6ffentlichungen: Was? Wann? Wo?<\/td>\n<td>ca. 10 Minuten<\/td>\n<\/tr>\n<tr>\n<td>Termine \/ Exkursionen<\/td>\n<td>Welche Veranstaltungen wurden besucht, welche stehen bevor?<\/td>\n<td>ca. 10 Minuten<\/td>\n<\/tr>\n<tr>\n<td><strong>Inhaltliches<\/strong><\/td>\n<td>&nbsp;<\/td>\n<td>&nbsp;<\/td>\n<\/tr>\n<tr>\n<td>Club Championship<\/td>\n<td>Vereinsinterner Wettbewerb<\/td>\n<td>Dauer unbekannt<\/td>\n<\/tr>\n<\/tbody>\n<\/table>\n<\/div>\n<\/div><\/div><\/div>\n<!-- --------------- ENDE DES LETZTEN TABS --------------- --><\/p>\n<p><span style=\"color: #ff0000;\"><em>Kurzfristige \u00c4nderungen vorbehalten. Diese Seite wird nur turnusm\u00e4\u00dfig aktualisiert.<\/em><\/span><\/p>\n<p>&nbsp;<\/p>\n<h4>G\u00e4ste<\/h4>\n<p>Sie sind uns als Gast herzlich willkommen.<br \/>\nDie allermeisten G\u00e4ste haben vor ihrem ersten Besuch Fragen. Die h\u00e4ufigsten Fragen und Antworten haben wir <a href=\"\/wp\/faq\/\">f\u00fcr Sie zusammengestellt<\/a>.<br \/>\nDamit wir Sie in unserer Planung ber\u00fccksichtigen k\u00f6nnen, melden Sie sich bitte vorab <a href=\"&#x6d;&#97;i&#x6c;&#x74;&#111;:&#x69;&#x6e;&#102;o&#x40;&#102;k&#x2d;&#x64;&#111;&#46;&#x64;&#x65;&amp;subject=Anmeldung als Gast&amp;body=Guten Tag. Ich m\u00f6chte gern als Gast an folgendem Clubabend teilnehmen: \">per E-Mail an<\/a>.<\/p>\n<p>&nbsp;<\/p>\n<h4>Hybridmeetings<\/h4>\n<p>Insofern unsere Clubabende ausschlie\u00dflich oder \u00fcberwiegend mit digitalem Material befeuert werden, bieten wir diese in Hybridform (Ton- &amp; Bildschirm\u00fcbertragung) an. Weiterf\u00fchrende Informationen zur Teilnahmem\u00f6glichkeit von zuhause <a href=\"\/wp\/online-meetings\/\">finden Sie hier<\/a>. Kurzfristige \u00c4nderungen k\u00f6nnen dazu f\u00fchren, dass Abende nicht hybrid stattfinden. M\u00f6chten Sie sichergehen, ob eine \u00dcbertragung stattfindet, <a href=\"\/wp\/kontakt\/\">schreiben Sie uns<\/a>.<\/p>\n<p>Vortr\u00e4ge k\u00f6nnen nur vor Ort verfolgt werden. Wir bitten um Ihr Verst\u00e4ndnis.<br \/>\n&nbsp;<\/p>\n<h4>Reservierung<\/h4>\n<p>Ergeben die oben aufgef\u00fchrten Programmpunkte in Summe weniger als 180 Minuten bedeutet das, an diesem Abend ist in jedem Fall Zeit f\u00fcr Sie, das Clubleben aktiv mitzugestalten und beispielsweise eine neue Fotostrecke zu zeigen, einen Vortrag zu halten oder eine allgemeine Fragestellung zu er\u00f6rtern.<\/p>\n<p>Auch sonst schaffen wir es fast immer, Platz zu schaffen. Mit den Ergebnissen aus &#8220;3 in 30&#8221; und &#8220;Monthly Championship&#8221; k\u00f6nnen wir einen Abend f\u00fcllen. Jedoch sind aktuelle Projekte stets vorzuziehen. Liefern Mitglieder oder G\u00e4ste spannende Inhalte, verk\u00fcrzen wir gern die zuvor genannten Programmpunkte oder lassen einzelne komplett ausfallen.<\/p>\n<p>Die Bitte um Aufnahme eines weiteren Programmpunktes richten Sie bitte an unseren Vorstand. Mitglieder w\u00e4hlen bitte den &#8220;kurzen Dienstweg&#8221;. Auch als Gast sind sie herzlichst dazu eingeladen Bilder mitzubringen, die wir gemeinsam besprechen. Wenden Sie sich hierzu bitte per <a href=\"&#x6d;&#97;&#x69;&#108;t&#x6f;&#58;v&#x6f;&#114;&#x73;&#x74;a&#x6e;&#100;&#64;&#x66;&#107;&#x2d;&#x64;o&#x2e;&#100;e?subject=Reservierung: Zeitslot bei Clubabend&amp;body=Guten Tag. Hiermit m\u00f6chte ich einen Zeitslot buchen. Nachfolgend finden Sie eine Beschreibung meines Projekts sowie den gesch\u00e4tzten Zeitbedarf und die Information, f\u00fcr welchen Clubabend ich den Zeitslot buchen m\u00f6chte.\">E-Mail an unseren Vorstand<\/a>.<\/p>","protected":false},"excerpt":{"rendered":"<p>Nachfolgend finden Sie das vorl\u00e4ufige Jahresprogramm f\u00fcr unsere monatlich stattfindenden Clubabende. Die konkreten Termine und Veranstaltungsorte entnehmen Sie bitte unserem Kalender. &nbsp; Kurzfristige \u00c4nderungen vorbehalten. Diese Seite wird nur turnusm\u00e4\u00dfig aktualisiert. &nbsp; G\u00e4ste Sie sind uns als Gast herzlich willkommen. Die allermeisten G\u00e4ste haben vor ihrem ersten Besuch Fragen. Die h\u00e4ufigsten Fragen und Antworten haben [&hellip;]<\/p>\n","protected":false},"author":59,"featured_media":0,"parent":0,"menu_order":0,"comment_status":"closed","ping_status":"closed","template":"page-fullwidth.php","meta":{"_mi_skip_tracking":false,"_exactmetrics_sitenote_active":false,"_exactmetrics_sitenote_note":"","_exactmetrics_sitenote_category":0,"ngg_post_thumbnail":0,"footnotes":"","_links_to":"","_links_to_target":""},"jetpack_sharing_enabled":true,"_links":{"self":[{"href":"https:\/\/fk-do.de\/wp\/wp-json\/wp\/v2\/pages\/22305"}],"collection":[{"href":"https:\/\/fk-do.de\/wp\/wp-json\/wp\/v2\/pages"}],"about":[{"href":"https:\/\/fk-do.de\/wp\/wp-json\/wp\/v2\/types\/page"}],"author":[{"embeddable":true,"href":"https:\/\/fk-do.de\/wp\/wp-json\/wp\/v2\/users\/59"}],"replies":[{"embeddable":true,"href":"https:\/\/fk-do.de\/wp\/wp-json\/wp\/v2\/comments?post=22305"}],"version-history":[{"count":14,"href":"https:\/\/fk-do.de\/wp\/wp-json\/wp\/v2\/pages\/22305\/revisions"}],"predecessor-version":[{"id":22319,"href":"https:\/\/fk-do.de\/wp\/wp-json\/wp\/v2\/pages\/22305\/revisions\/22319"}],"wp:attachment":[{"href":"https:\/\/fk-do.de\/wp\/wp-json\/wp\/v2\/media?parent=22305"}],"curies":[{"name":"wp","href":"https:\/\/api.w.org\/{rel}","templated":true}]}}